{"id":1588,"date":"2018-06-24T17:48:06","date_gmt":"2018-06-24T15:48:06","guid":{"rendered":"http:\/\/rotweiss-karlsruhe.de\/wp\/?page_id=1588"},"modified":"2018-06-24T18:06:27","modified_gmt":"2018-06-24T16:06:27","slug":"informationspflichten","status":"publish","type":"page","link":"https:\/\/rotweiss-karlsruhe.de\/wp\/informationspflichten\/","title":{"rendered":"Informationspflichten"},"content":{"rendered":"<p><strong>TSC Rot-Weiss Karlsruhe e.V.\u00a0\u00a0\u00a0\u00a0 \u00a0<\/strong><br \/>\n<strong>Eichelbergstr. 34<\/strong><br \/>\n<strong>76189 Karlsruhe<br \/>\n<\/strong><br \/>\n<strong>Informationspflichten nach Artikel 13 und 14 DSGVO<\/strong><\/p>\n<p>Nach Artikel 13 und 14 EU-DSGVO hat der Verantwortliche einer betroffenen Person, deren Daten er verarbeitet, die in den Artikeln genannten Informationen bereit zu stellen. Dieser Informationspflicht kommt dieses Merkblatt nach.<\/p>\n<p>1. Namen und Kontaktdaten des Verantwortlichen sowie gegebenenfalls seiner Vertreter:<br \/>\nTSC Rot-Weiss Karlsruhe e.V., Eichelbergstr. 34, 76189 Karlsruhe<br \/>\nMail: pr&#97;&#101;&#115;&#x69;&#x64;&#x65;&#x6e;t&#64;&#114;&#111;&#116;&#x77;&#x65;&#x69;&#x73;s-&#107;&#97;&#114;&#x6c;&#x73;&#x72;&#x75;he&#46;&#100;&#101;<\/p>\n<p>2. Kontaktdaten des Datenschutzbeauftragten\/der Datenschutzbeauftragten:<br \/>\nTSC Rot-Weiss Karlsruhe e.V., Eichelbergstr. 34, 76189 Karlsruhe<br \/>\nMail: &#x70;&#x72;&#97;e&#x73;&#x69;&#x64;&#101;n&#x74;&#x40;&#x72;&#111;t&#x77;&#x65;&#x69;&#115;s&#x2d;&#x6b;&#x61;&#114;l&#x73;&#x72;&#x75;&#104;e&#x2e;&#x64;&#x65;<\/p>\n<p>3. Zwecke, f\u00fcr die personenbezogenen Daten verarbeitet werden:<br \/>\nDie personenbezogenen Daten werden f\u00fcr die Durchf\u00fchrung des Mitgliedschaftsverh\u00e4ltnisses verarbeitet (z.B. Beitragseinzug, Einladung zu Versammlungen, Organisation des Sportbetriebes).<br \/>\nFerner werden personenbezogene Daten zur Teilnahme am Wettkampf-, Turnier- und Spielbetrieb der<br \/>\nLandesfachverb\u00e4nde an diese weitergeleitet.<br \/>\nDar\u00fcber hinaus werden personenbezogene Daten im Zusammenhang mit sportlichen Ereignissen einschlie\u00dflich der Berichterstattung hier\u00fcber auf der Internetseite des Vereins, in Auftritten des Vereins in Sozialen Medien sowie auf Seiten der Fachverb\u00e4nde ver\u00f6ffentlicht und an lokale, regionale und \u00fcberregionale Printmedien \u00fcbermittelt.<\/p>\n<p>4. Rechtsgrundlagen, auf Grund derer die Verarbeitung erfolgt:<br \/>\nDie Verarbeitung der personenbezogenen Daten erfolgt in der Regel aufgrund der Erforderlichkeit zur Erf\u00fcllung eines Vertrages gem\u00e4\u00df Artikel 6 Abs. 1 lit. b) DSGVO. Bei den Vertragsverh\u00e4ltnissen handelt es sich in erster Linie um das Mitgliedschaftsverh\u00e4ltnis im Verein und um die Teilnahme am Spielbetrieb der Fachverb\u00e4nde.<br \/>\nWerden personenbezogene Daten erhoben, ohne dass die Verarbeitung zur Erf\u00fcllung des Vertrages erforderlich ist, erfolgt die Verarbeitung aufgrund einer Einwilligung nach Artikel 6 Abs. 1 lit. a) i.V.m. Artikel 7 DSGVO.<br \/>\nDie Ver\u00f6ffentlichung personenbezogener Daten im Internet oder in lokalen, regionalen oder \u00fcberregionalen<br \/>\nPrintmedien erfolgt zur Wahrung berechtigter Interessen des Vereins (vgl. Artikel 6 Abs. 1 lit. f) DSGVO).<br \/>\nDas berechtigte Interesse des Vereins besteht in der Information der \u00d6ffentlichkeit durch Berichtserstattung \u00fcber die Aktivit\u00e4ten des Vereins. In diesem Rahmen werden personenbezogene Daten einschlie\u00dflich von Bildern der<br \/>\nTeilnehmer zum Beispiel im Rahmen der Berichterstattung \u00fcber sportliche Ereignisse des Vereins ver\u00f6ffentlicht.<\/p>\n<p>5. Die Empf\u00e4nger oder Kategorien von Empf\u00e4ngern der personenbezogenen Daten:<br \/>\nPersonenbezogene Daten der Mitglieder, die am Spiel- und Wettkampfbetrieb der Landesfachverb\u00e4nde teilnehmen, werden zum Erwerb einer Lizenz, einer Wertungskarte, eines Spielerpasses oder sonstiger Teilnahmeberechtigung an den jeweiligen Landesfachverband weitergegeben.<br \/>\nDie Daten der Bankverbindung der Mitglieder werden zum Zwecke des Beitragseinzugs an die Sparkasse Karlsruhe weitergeleitet.<\/p>\n<p>6. Die Dauer, f\u00fcr die die personenbezogenen Daten gespeichert werde n oder, falls dies nicht m\u00f6glich ist, die Kriterien f\u00fcr die Festlegung der Dauer:<br \/>\nDie personenbezogenen Daten werden f\u00fcr die Dauer der Mitgliedschaft gespeichert.<br \/>\nMit Beendigung der Mitgliedschaft werden die Datenkategorien gem\u00e4\u00df den gesetzlichen Aufbewahrungsfristen weitere zehn Jahre vorgehalten und dann gel\u00f6scht. In der Zeit zwischen Beendigung der Mitgliedschaft und der L\u00f6schung wird die Verarbeitung dieser Daten eingeschr\u00e4nkt.<br \/>\nBestimmte Datenkategorien werden zum Zweck der Vereinschronik im Vereinsarchiv gespeichert. Hierbei handelt es sich um die Kategorien Vorname, Nachname, Zugeh\u00f6rigkeit zu einer Mannschaft, besondere sportliche Erfolge oder Ereignisse, an denen die betroffene Person mitgewirkt hat. Der Speicherung liegt ein berechtigtes Interesse des Vereins an der zeitgeschichtlichen Dokumentation von sportlichen Ereignissen und Erfolgen und der jeweiligen Zusammensetzung der Mannschaften zugrunde.<br \/>\nAlle Daten der \u00fcbrigen Kategorien (z.B. Bankdaten, Anschrift, Kontaktdaten) werden 2 Monate nach Beendigung der Mitgliedschaft gel\u00f6scht.<\/p>\n<p>7. Der betroffenen Person stehen unter den in den Artikeln jeweils genannten Voraussetzungen die nachfolgenden Rechte zu:<br \/>\n&#8211; das Recht auf Auskunft nach Artikel 15 DSGVO,<br \/>\n&#8211; das Recht auf Berichtigung nach Artikel 16 DSGVO,<br \/>\n&#8211; das Recht auf L\u00f6schung nach Artikel 17 DSGVO,<br \/>\n&#8211; das Recht auf Einschr\u00e4nkung der Verarbeitung nach Artikel 18 DSGVO,<br \/>\n&#8211; das Recht auf Daten\u00fcbertragbarkeit nach Artikel 20 DSGVO,<br \/>\n&#8211; das Widerspruchsrecht nach Artikel 21 DSGVO,<br \/>\n&#8211; das Recht auf Beschwerde bei einer Aufsichtsbeh\u00f6rde nach Artikel 77 DSGVO<br \/>\n&#8211; das Recht, eine erteilte Einwilligung jederzeit widerrufen zu k\u00f6nnen, ohne dass die Rechtm\u00e4\u00dfigkeit der aufgrund der Einwilligung bis zum Widerruf erfolgten Verarbeitung hierdurch ber\u00fchrt wird.<\/p>\n<p>8. Die Quelle, aus der die personenbezogenen Daten stammen:<br \/>\nDie personenbezogenen Daten werden grunds\u00e4tzlich im Rahmen des Erwerbs der Mitgliedschaft erhoben.<\/p>\n<p>Ende der Informationspflicht.<br \/>\nStand: April 2018<\/p>\n","protected":false},"excerpt":{"rendered":"<p>TSC Rot-Weiss Karlsruhe e.V.\u00a0\u00a0\u00a0\u00a0 \u00a0 Eichelbergstr. 34 76189 Karlsruhe Informationspflichten nach Artikel 13 und 14 DSGVO Nach Artikel 13 und 14 EU-DSGVO hat der Verantwortliche einer betroffenen Person, deren Daten (&hellip;) <a href=\"https:\/\/rotweiss-karlsruhe.de\/wp\/informationspflichten\/\">Weiterlesen<\/a><\/p>\n","protected":false},"author":9,"featured_media":0,"parent":0,"menu_order":0,"comment_status":"closed","ping_status":"closed","template":"","meta":{"footnotes":""},"class_list":["post-1588","page","type-page","status-publish","hentry"],"_links":{"self":[{"href":"https:\/\/rotweiss-karlsruhe.de\/wp\/wp-json\/wp\/v2\/pages\/1588","targetHints":{"allow":["GET"]}}],"collection":[{"href":"https:\/\/rotweiss-karlsruhe.de\/wp\/wp-json\/wp\/v2\/pages"}],"about":[{"href":"https:\/\/rotweiss-karlsruhe.de\/wp\/wp-json\/wp\/v2\/types\/page"}],"author":[{"embeddable":true,"href":"https:\/\/rotweiss-karlsruhe.de\/wp\/wp-json\/wp\/v2\/users\/9"}],"replies":[{"embeddable":true,"href":"https:\/\/rotweiss-karlsruhe.de\/wp\/wp-json\/wp\/v2\/comments?post=1588"}],"version-history":[{"count":4,"href":"https:\/\/rotweiss-karlsruhe.de\/wp\/wp-json\/wp\/v2\/pages\/1588\/revisions"}],"predecessor-version":[{"id":1603,"href":"https:\/\/rotweiss-karlsruhe.de\/wp\/wp-json\/wp\/v2\/pages\/1588\/revisions\/1603"}],"wp:attachment":[{"href":"https:\/\/rotweiss-karlsruhe.de\/wp\/wp-json\/wp\/v2\/media?parent=1588"}],"curies":[{"name":"wp","href":"https:\/\/api.w.org\/{rel}","templated":true}]}}