{"id":2290,"date":"2022-08-03T16:31:55","date_gmt":"2022-08-03T14:31:55","guid":{"rendered":"https:\/\/rotweiss-karlsruhe.de\/wp\/?page_id=2290"},"modified":"2022-08-03T16:38:23","modified_gmt":"2022-08-03T14:38:23","slug":"haeufig-gestellte-fragen-faq","status":"publish","type":"page","link":"https:\/\/rotweiss-karlsruhe.de\/wp\/breitensport\/haeufig-gestellte-fragen-faq\/","title":{"rendered":"H\u00e4ufig gestellte Fragen (FAQ)"},"content":{"rendered":"\n<p>Nachfolgend findest Du die Antworten auf ein einige typische Fragen, die Dir jetzt vielleicht durch den Kopf gehen. Grunds\u00e4tzlich gilt: Einfach vorbeikommen und ausprobieren! Als Mitglied kannst Du ohne Mehrkosten an unterschiedlichen Gruppen teilnehmen (z.B. an einer Gesellschafts- und der Breitensportgruppe oder beim Breitensport und an einer Turniergruppe), also mach&#8216; Dir am Besten selbst ein Bild und schau dann, was sich entwickelt und wo Deine Tanzreise hingeht.<\/p>\n\n\n\n<p><strong>F:<\/strong> Kann ich auch ohne Partner am Training teilnehmen?<br><strong>A:<\/strong> Prinzipiell ja, denn es geht ja oft auch um das Einstudieren von Bewegungsabl\u00e4ufen, Schritt-Technik, Haltung etc., die zun\u00e4chst jeder f\u00fcr sich trainieren kann. Deutlich mehr Spa\u00df macht es nat\u00fcrlich mit einem Tanzpartner. Leider k\u00f6nnen wir Solo-Damen oder -Herren kein passendes Pendant bereitstellen bzw. \u201caus dem Hut zaubern\u201d \u2013 gerne kannst Du aber an unserem schwarzen Brett einen Aushang machen. Da wir auch immer wieder Angebote im Programm haben, f\u00fcr die man nicht unbedingt einen Partner braucht, findest sich auf diesem Weg dann vielleicht jemand. Wir empfehlen au\u00dferdem die einschl\u00e4gigen Tanzpartnerb\u00f6rsen im Internet oder Aush\u00e4nge (z.B. beim AKK).<\/p>\n\n\n\n<p><strong>F:<\/strong> Wie regelm\u00e4\u00dfig muss ich trainieren?<br><strong>A:<\/strong> Das Gruppentraining findet 1x pro Woche statt. Allein schon im eigenen Interesse, solltest Du nat\u00fcrlich versuchen, m\u00f6glichst kontinuierlich zum Training zu erscheinen. Man ist allerdings auch nicht uneinholbar abgeh\u00e4ngt, wenn man mal ein paar Wochen aussetzen muss \u2013 daf\u00fcr sorgen die Trainer, die stets versuchen, auf die einzelnen Kenntnis- und Leistungsniveaus der Paare einzugehen, damit niemand komplett \u00fcber- oder unterfordert ist. So bleiben Spa\u00df und Motivation erhalten. Wer z.B. aufgrund von Schichtarbeit eher unregelm\u00e4\u00dfig zum Training schafft, wird es nat\u00fcrlich etwas schwerer haben als jemand, der jeden Montag mit dabei sein kann. Dass wir auch solche Teilnehmer in der Gruppe haben, zeigt aber, man auch unter solchen Umst\u00e4nden \u201cdranbleiben\u201d kann. Zudem kann man auch au\u00dferhalb der Gruppentermine zum \u201cfreien Training\u201d vorbeikommen (s.u.).<\/p>\n\n\n\n<p><strong>F:<\/strong> Gibt es ein H\u00f6chstalter \/ Bin ich zu alt daf\u00fcr?<br><strong>A:<\/strong> Nein! Die Erfahrung zeigt, dass Tanzen nicht nur geistig und k\u00f6rperlich fit und \u201cjung\u201d h\u00e4lt, sondern auch, dass es durchaus auch f\u00fcr \u201cbest ager\u201d und dar\u00fcber hinaus noch erlernbar ist und sich somit auch Senioren die Vorteile dieses Bewegungstrainings zu Nutze machen k\u00f6nnen.<\/p>\n\n\n\n<p><strong>F:<\/strong> Welche Voraussetzungen muss ich erf\u00fcllen, um am Training teilnehmen zu k\u00f6nnen?<br><strong>A:<\/strong> F\u00fcr die Teilnahme am Breitensporttraining solltest Du zumindest ein paar Grundkenntnisse mitbringen (z.B. Basis-Schrittfolgen aus einem Anf\u00e4nger-Tanzkurs). Ansonsten brauchst Du nur Motivation, Geduld, Ausdauer und gute Laune (die kommt aber in der Regel beim Tanzen ganz von allein). Wenn Du rechts und links voneinander unterscheiden kannst, ist das auch von Vorteil \u2013 ansonsten lernst Du es bei uns ;-). Falls Vorerkrankungen vorliegen (z.B. Herz-\/Kreislaufsystem oder die Atmung betreffend) solltest Du mit Deinem Arzt R\u00fccksprache halten, damit er Dir ggf. mitteilen kann, welche individuellen Belastungsgrenzen Du beim Training nicht \u00fcberschreiten solltest.<\/p>\n\n\n\n<p><strong>F:<\/strong> Ich m\u00f6chte nur Standard bzw. nur Latein tanzen \u2013 kann ich trotzdem beim Breitensport mitmachen?<br><strong>A:<\/strong> Ja! Durch die Aufteilung des Trainings in eine Standard- und eine Latein-Stunde ist das problemlos m\u00f6glich.<\/p>\n\n\n\n<p><strong>F:<\/strong> Wie anstrengend ist das Training?<br><strong>A:<\/strong> Das kommt auf Deine Kondition an ;-). Normalerweise kann man \u2013 gerade im Sommer \u2013 beim Training schon recht gut ins Schwitzen kommen. Allerdings kann jeder die Intensit\u00e4t f\u00fcr sich selbst regeln, d.h. es ist auch kein Problem, z.B. mal einen Tanz auszusetzen \u2013 das wird niemandem \u00fcbel genommen. Wer auf Nummer sicher gehen m\u00f6chte, nimmt eine Flasche Wasser und ein Handtuch mit.<\/p>\n\n\n\n<p><strong>F:<\/strong> Muss ich als Breitensportler an Wettbewerben teilnehmen?<br><strong>A:<\/strong> Nein! Die Devise im Breitensport lautet: \u201cAlles kann, nichts muss\u201d. Wer m\u00f6chte, darf gerne an Wettbewerben teilnehmen, aber es wird niemand gezwungen und es ist keine Voraussetzung, um am Gruppentraining teilzunehmen.<\/p>\n\n\n\n<p><strong>F:<\/strong> Wie l\u00e4uft ein Breitensportwettbewerb ab?<br><strong>A:<\/strong> Das legt (innerhalb eines gewissen Rahmens) der ausrichtende Verein in der Ausschreibung fest. \u00dcblicherweise sollen Breitensportwettbewerbe (BSW) v.a. Spa\u00df machen. Das (kollektive) Erlebnis, an einem sportlichen Wettkampf teilgenommen zu haben, steht gegen\u00fcber dem Konkurrenzkampf im Vordergrund. Daher werden BSW meist als Mannschaftswettbewerbe ausgeschrieben, bei denen man entweder als Verein eine eigene Mannschaft (normalerweise 3-5 Paare) melden kann oder (bei weniger Paaren) dann zusammen mit Paaren anderer Vereine einer Mannschaft zugelost wird. W\u00e4hrend beim Turniertanz jedes Paar in Form von Einzelnoten offen (d.h. f\u00fcr alle sichtbar) bewertet wird, l\u00e4uft das beim BSW etwas anders ab: Die Wertung erfolgt verdeckt und zwar nach Schulnoten (von 1,0 bis 4,0 in Abst\u00e4nden von 0,5). F\u00fcr die Teamnote werden die Wertungen der jeweils 3 besten Paare herangezogen. D.h. in einem Team mit nur 3 Paaren werden alle Paare automatisch gewertet, in einem mit 5 Paaren die 3 besten. Die Platzierung erfolgt dann je Team, d.h. es gibt keine Einzelwertung.<\/p>\n\n\n\n<p><strong>F:<\/strong> Richtet der Verein eigene Breitensportwettbewerbe aus?<br><strong>A:<\/strong> In der Vergangenheit haben wir bereits einige (Mannschafts- und Einzel-)Breitensport-Wettbewerbe ausgerichtet. In den letzten Jahren allerdings nicht mehr, da \u2013 nicht zuletzt auch durch Corona \u2013 die Motivation in der Gruppe, an Wettbewerben teilzunehmen nicht sonderlich hoch war. Sofern sich dies aber wieder \u00e4ndert, ist nat\u00fcrlich auch die Veranstaltung von solchen Wettbewerben m\u00f6glich.<\/p>\n\n\n\n<p><strong>F:<\/strong> Brauche ich spezielle Tanzkleidung?<br><strong>A:<\/strong> Es empfiehlt sich nat\u00fcrlich mindestens ein Paar Tanzschuhe (manche nutzen auch f\u00fcr Standard und Latein unterschiedliches Schuhwerk). Bez\u00fcglich der Kleidung ist aber weder f\u00fcr das Training noch f\u00fcr die Teilnahme an Wettbewerben ein spezielles Outfit erforderlich. Die Kleidung sollte bequem sein, so dass Herr und Dame sich gleicherma\u00dfen gut bewegen k\u00f6nnen (ein enger Rock kann da z.B. eher problematisch sein). Je nachdem, wie schnell man ins Schwitzen ger\u00e4t, empfiehlt sich \u2013 wie bei anderen Sportarten auch \u2013 ein atmungsaktives Oberteil.<\/p>\n\n\n\n<p><strong>F:<\/strong> Kann ich auch zus\u00e4tzlich trainieren und wenn ja, wann?<br><strong>A:<\/strong> Alle Vereinsmitglieder k\u00f6nnen die R\u00e4ume au\u00dferhalb der Trainingszeiten und Vermietungen rund um die Uhr mittels Zugangs-Chip betreten und nutzen. Wer also z.B. im Sommer wegen der Hitze nicht schlafen kann, kann die Zeit auch zum n\u00e4chtlichen Training nutzen ;-). Wir bitten darum, sich ggf. mit anderen anwesenden Paaren abzustimmen (f\u00fcr Standardt\u00e4nzer sollte m\u00f6glichst Saal 1+2 genutzt werden, f\u00fcr Latein Saal 3). Wer nicht auf die Musik auf den PCs in den S\u00e4len zur\u00fcckgreifen m\u00f6chte, hat auch die M\u00f6glichkeit, sein Smartphone an der Musikanlage anzuschlie\u00dfen und seine pers\u00f6nliche Playlist zu verwenden. Bitte v.a. in den Abendstunden bei offenen Fenstern die Musik nicht so laut drehen, dass sich die Anwohner gest\u00f6rt f\u00fchlen k\u00f6nnten.<\/p>\n","protected":false},"excerpt":{"rendered":"<p>Nachfolgend findest Du die Antworten auf ein einige typische Fragen, die Dir jetzt vielleicht durch den Kopf gehen. Grunds\u00e4tzlich gilt: Einfach vorbeikommen und ausprobieren! Als Mitglied kannst Du ohne Mehrkosten (&hellip;) <a href=\"https:\/\/rotweiss-karlsruhe.de\/wp\/breitensport\/haeufig-gestellte-fragen-faq\/\">Weiterlesen<\/a><\/p>\n","protected":false},"author":9,"featured_media":0,"parent":2257,"menu_order":0,"comment_status":"closed","ping_status":"closed","template":"","meta":{"footnotes":""},"class_list":["post-2290","page","type-page","status-publish","hentry"],"_links":{"self":[{"href":"https:\/\/rotweiss-karlsruhe.de\/wp\/wp-json\/wp\/v2\/pages\/2290","targetHints":{"allow":["GET"]}}],"collection":[{"href":"https:\/\/rotweiss-karlsruhe.de\/wp\/wp-json\/wp\/v2\/pages"}],"about":[{"href":"https:\/\/rotweiss-karlsruhe.de\/wp\/wp-json\/wp\/v2\/types\/page"}],"author":[{"embeddable":true,"href":"https:\/\/rotweiss-karlsruhe.de\/wp\/wp-json\/wp\/v2\/users\/9"}],"replies":[{"embeddable":true,"href":"https:\/\/rotweiss-karlsruhe.de\/wp\/wp-json\/wp\/v2\/comments?post=2290"}],"version-history":[{"count":4,"href":"https:\/\/rotweiss-karlsruhe.de\/wp\/wp-json\/wp\/v2\/pages\/2290\/revisions"}],"predecessor-version":[{"id":2301,"href":"https:\/\/rotweiss-karlsruhe.de\/wp\/wp-json\/wp\/v2\/pages\/2290\/revisions\/2301"}],"up":[{"embeddable":true,"href":"https:\/\/rotweiss-karlsruhe.de\/wp\/wp-json\/wp\/v2\/pages\/2257"}],"wp:attachment":[{"href":"https:\/\/rotweiss-karlsruhe.de\/wp\/wp-json\/wp\/v2\/media?parent=2290"}],"curies":[{"name":"wp","href":"https:\/\/api.w.org\/{rel}","templated":true}]}}